{"id":114,"date":"2025-11-19T07:42:08","date_gmt":"2025-11-19T07:42:08","guid":{"rendered":"https:\/\/landrei.mkgv1.com.es\/landreiwp\/?page_id=114"},"modified":"2025-11-19T08:41:17","modified_gmt":"2025-11-19T08:41:17","slug":"contactanos","status":"publish","type":"page","link":"https:\/\/landrei.mkgv1.com.es\/landreiwp\/?page_id=114","title":{"rendered":"Cont\u00e1ctanos"},"content":{"rendered":"\n<h2 class=\"wp-block-heading\">\u00a1Endulza Nuestro Buz\u00f3n!<\/h2>\n\n\n\n<p>\u00a1Nos encanta recibir mensajes!<\/p>\n\n\n\n<p>Si eres un apasionado de lo dulce, tienes una <strong>duda sobre t\u00e9cnicas de reposter\u00eda<\/strong>, o simplemente quieres compartirnos cu\u00e1l es tu postre favorito, completa el formulario. <strong>Tu opini\u00f3n es la cereza de nuestro pastel<\/strong>, y te responderemos tan pronto como terminemos de hornear.<\/p>\n\n\n<div class=\"wpforms-container wpforms-container-full wpforms-block wpforms-block-1a587c18-14bb-4dbd-a628-f022631617e2 wpforms-render-modern\" id=\"wpforms-116\"><form id=\"wpforms-form-116\" class=\"wpforms-validate wpforms-form wpforms-ajax-form\" data-formid=\"116\" method=\"post\" enctype=\"multipart\/form-data\" action=\"\/landreiwp\/index.php?rest_route=%2Fwp%2Fv2%2Fpages%2F114\" data-token=\"838317d7a250ad741d5f82f196ad8031\" data-token-time=\"1778752335\"><noscript class=\"wpforms-error-noscript\">Por favor, activa JavaScript en tu navegador para completar este formulario.<\/noscript><div id=\"wpforms-error-noscript\" style=\"display: none;\">Por favor, activa JavaScript en tu navegador para completar este formulario.<\/div><div class=\"wpforms-field-container\"><div id=\"wpforms-116-field_1-container\" class=\"wpforms-field wpforms-field-name\" data-field-id=\"1\"><fieldset><legend class=\"wpforms-field-label\">Nombre <span class=\"wpforms-required-label\" aria-hidden=\"true\">*<\/span><\/legend><div class=\"wpforms-field-row wpforms-field-medium\"><div class=\"wpforms-field-row-block wpforms-first wpforms-one-half\"><input type=\"text\" id=\"wpforms-116-field_1\" class=\"wpforms-field-name-first wpforms-field-required\" name=\"wpforms[fields][1][first]\" aria-errormessage=\"wpforms-116-field_1-error\" required><label for=\"wpforms-116-field_1\" class=\"wpforms-field-sublabel after\">Nombre<\/label><\/div><div class=\"wpforms-field-row-block wpforms-one-half\"><input type=\"text\" id=\"wpforms-116-field_1-last\" class=\"wpforms-field-name-last wpforms-field-required\" name=\"wpforms[fields][1][last]\" aria-errormessage=\"wpforms-116-field_1-last-error\" required><label for=\"wpforms-116-field_1-last\" class=\"wpforms-field-sublabel after\">Apellidos<\/label><\/div><\/div><\/fieldset><\/div><div id=\"wpforms-116-field_2-container\" class=\"wpforms-field wpforms-field-email\" data-field-id=\"2\"><label class=\"wpforms-field-label\" for=\"wpforms-116-field_2\">Correo electr\u00f3nico <span class=\"wpforms-required-label\" aria-hidden=\"true\">*<\/span><\/label><input type=\"email\" id=\"wpforms-116-field_2\" class=\"wpforms-field-medium wpforms-field-required\" name=\"wpforms[fields][2]\" spellcheck=\"false\" aria-errormessage=\"wpforms-116-field_2-error\" required><\/div><div id=\"wpforms-116-field_4-container\" class=\"wpforms-field wpforms-field-radio wpforms-list-inline\" data-field-id=\"4\"><fieldset><legend class=\"wpforms-field-label\">\u00c1rea de la consulta<\/legend><ul id=\"wpforms-116-field_4\" class=\"wpforms-image-choices wpforms-image-choices-modern\"><li class=\"choice-1 depth-1 wpforms-image-choices-item\"><label class=\"wpforms-field-label-inline\" for=\"wpforms-116-field_4_1\" tabindex=\"0\"><span class=\"wpforms-image-choices-image\"><\/span><input type=\"radio\" id=\"wpforms-116-field_4_1\" class=\"wpforms-screen-reader-element\" name=\"wpforms[fields][4]\" value=\"Dudas al cocinar\" aria-errormessage=\"wpforms-116-field_4_1-error\" tabindex=\"-1\"  ><span class=\"wpforms-image-choices-label\">Dudas al cocinar<\/span><\/label><\/li><li class=\"choice-2 depth-1 wpforms-image-choices-item\"><label class=\"wpforms-field-label-inline\" for=\"wpforms-116-field_4_2\" tabindex=\"0\"><span class=\"wpforms-image-choices-image\"><\/span><input type=\"radio\" id=\"wpforms-116-field_4_2\" class=\"wpforms-screen-reader-element\" name=\"wpforms[fields][4]\" value=\"Problemas con tu postre\" aria-errormessage=\"wpforms-116-field_4_2-error\" tabindex=\"-1\"  ><span class=\"wpforms-image-choices-label\">Problemas con tu postre<\/span><\/label><\/li><li class=\"choice-3 depth-1 wpforms-image-choices-item\"><label class=\"wpforms-field-label-inline\" for=\"wpforms-116-field_4_3\" tabindex=\"0\"><span class=\"wpforms-image-choices-image\"><\/span><input type=\"radio\" id=\"wpforms-116-field_4_3\" class=\"wpforms-screen-reader-element\" name=\"wpforms[fields][4]\" value=\"Sugerencias\" aria-errormessage=\"wpforms-116-field_4_3-error\" tabindex=\"-1\"  ><span class=\"wpforms-image-choices-label\">Sugerencias<\/span><\/label><\/li><\/ul><\/fieldset><\/div>\t\t<div id=\"wpforms-116-field_5-container\"\n\t\t\tclass=\"wpforms-field wpforms-field-text\"\n\t\t\tdata-field-type=\"text\"\n\t\t\tdata-field-id=\"5\"\n\t\t\t>\n\t\t\t<label class=\"wpforms-field-label\" for=\"wpforms-116-field_5\" >mensaje consulta Nombre<\/label>\n\t\t\t<input type=\"text\" id=\"wpforms-116-field_5\" class=\"wpforms-field-medium\" name=\"wpforms[fields][5]\" >\n\t\t<\/div>\n\t\t<div id=\"wpforms-116-field_3-container\" class=\"wpforms-field wpforms-field-textarea\" data-field-id=\"3\"><label class=\"wpforms-field-label\" for=\"wpforms-116-field_3\">Comentario o mensaje<\/label><textarea id=\"wpforms-116-field_3\" class=\"wpforms-field-medium\" name=\"wpforms[fields][3]\" aria-errormessage=\"wpforms-116-field_3-error\" ><\/textarea><\/div><script>\n\t\t\t\t( function() {\n\t\t\t\t\tconst style = document.createElement( 'style' );\n\t\t\t\t\tstyle.appendChild( document.createTextNode( '#wpforms-116-field_5-container { position: absolute !important; overflow: hidden !important; display: inline !important; height: 1px !important; width: 1px !important; z-index: -1000 !important; padding: 0 !important; } #wpforms-116-field_5-container input { visibility: hidden; } #wpforms-conversational-form-page #wpforms-116-field_5-container label { counter-increment: none; }' ) );\n\t\t\t\t\tdocument.head.appendChild( style );\n\t\t\t\t\tdocument.currentScript?.remove();\n\t\t\t\t} )();\n\t\t\t<\/script><\/div><!-- .wpforms-field-container --><div class=\"wpforms-submit-container\" ><input type=\"hidden\" name=\"wpforms[id]\" value=\"116\"><input type=\"hidden\" name=\"page_title\" value=\"\"><input type=\"hidden\" name=\"page_url\" value=\"https:\/\/landrei.mkgv1.com.es\/landreiwp\/index.php?rest_route=\/wp\/v2\/pages\/114\"><input type=\"hidden\" name=\"url_referer\" value=\"\"><button type=\"submit\" name=\"wpforms[submit]\" id=\"wpforms-submit-116\" class=\"wpforms-submit\" data-alt-text=\"Enviando...\" data-submit-text=\"Enviar\" aria-live=\"assertive\" value=\"wpforms-submit\">Enviar<\/button><img loading=\"lazy\" decoding=\"async\" src=\"https:\/\/landrei.mkgv1.com.es\/landreiwp\/wp-content\/plugins\/wpforms-lite\/assets\/images\/submit-spin.svg\" class=\"wpforms-submit-spinner\" style=\"display: none;\" width=\"26\" height=\"26\" alt=\"Cargando\"><\/div><\/form><\/div>  <!-- .wpforms-container -->","protected":false},"excerpt":{"rendered":"<p>\u00a1Endulza Nuestro Buz\u00f3n! \u00a1Nos encanta recibir mensajes! Si eres un apasionado de lo dulce, tienes una duda sobre t\u00e9cnicas de reposter\u00eda, o simplemente quieres compartirnos cu\u00e1l es tu postre favorito, completa el formulario. Tu opini\u00f3n es la cereza de nuestro pastel, y te responderemos tan pronto como terminemos de hornear.<\/p>\n","protected":false},"author":1,"featured_media":0,"parent":0,"menu_order":0,"comment_status":"closed","ping_status":"closed","template":"","meta":{"footnotes":""},"class_list":["post-114","page","type-page","status-publish","hentry"],"_links":{"self":[{"href":"https:\/\/landrei.mkgv1.com.es\/landreiwp\/index.php?rest_route=\/wp\/v2\/pages\/114","targetHints":{"allow":["GET"]}}],"collection":[{"href":"https:\/\/landrei.mkgv1.com.es\/landreiwp\/index.php?rest_route=\/wp\/v2\/pages"}],"about":[{"href":"https:\/\/landrei.mkgv1.com.es\/landreiwp\/index.php?rest_route=\/wp\/v2\/types\/page"}],"author":[{"embeddable":true,"href":"https:\/\/landrei.mkgv1.com.es\/landreiwp\/index.php?rest_route=\/wp\/v2\/users\/1"}],"replies":[{"embeddable":true,"href":"https:\/\/landrei.mkgv1.com.es\/landreiwp\/index.php?rest_route=%2Fwp%2Fv2%2Fcomments&post=114"}],"version-history":[{"count":3,"href":"https:\/\/landrei.mkgv1.com.es\/landreiwp\/index.php?rest_route=\/wp\/v2\/pages\/114\/revisions"}],"predecessor-version":[{"id":128,"href":"https:\/\/landrei.mkgv1.com.es\/landreiwp\/index.php?rest_route=\/wp\/v2\/pages\/114\/revisions\/128"}],"wp:attachment":[{"href":"https:\/\/landrei.mkgv1.com.es\/landreiwp\/index.php?rest_route=%2Fwp%2Fv2%2Fmedia&parent=114"}],"curies":[{"name":"wp","href":"https:\/\/api.w.org\/{rel}","templated":true}]}}